{"id":116,"date":"2019-02-06T12:41:06","date_gmt":"2019-02-06T14:41:06","guid":{"rendered":"http:\/\/localhost\/?page_id=116"},"modified":"2019-07-01T17:40:16","modified_gmt":"2019-07-01T20:40:16","slug":"produtos","status":"publish","type":"page","link":"https:\/\/produtosvicosa.org.br\/en\/produtos\/","title":{"rendered":"Products"},"content":{"rendered":"<p>The Vi\u00e7osa family of dairy products is made up of the Refrigerated and Dairy Sweets lines. In both cases, highly trained professionals use first-rate raw materials and cutting-edge technology to offer products of superior quality, with the support of the UFV.<\/p>","protected":false},"excerpt":{"rendered":"<p>A fam\u00edlia de produtos l\u00e1cteos Vi\u00e7osa \u00e9 composta pela linha de Refrigerados e de Doces de Leite. Nos dois casos, profissionais altamente capacitados utilizam mat\u00e9rias-primas de primeira linha e tecnologia [&hellip;]<\/p>","protected":false},"author":1,"featured_media":0,"parent":0,"menu_order":0,"comment_status":"closed","ping_status":"closed","template":"","meta":{"footnotes":"","_links_to":"","_links_to_target":""},"class_list":["post-116","page","type-page","status-publish","hentry"],"_links":{"self":[{"href":"https:\/\/produtosvicosa.org.br\/en\/wp-json\/wp\/v2\/pages\/116","targetHints":{"allow":["GET"]}}],"collection":[{"href":"https:\/\/produtosvicosa.org.br\/en\/wp-json\/wp\/v2\/pages"}],"about":[{"href":"https:\/\/produtosvicosa.org.br\/en\/wp-json\/wp\/v2\/types\/page"}],"author":[{"embeddable":true,"href":"https:\/\/produtosvicosa.org.br\/en\/wp-json\/wp\/v2\/users\/1"}],"replies":[{"embeddable":true,"href":"https:\/\/produtosvicosa.org.br\/en\/wp-json\/wp\/v2\/comments?post=116"}],"version-history":[{"count":3,"href":"https:\/\/produtosvicosa.org.br\/en\/wp-json\/wp\/v2\/pages\/116\/revisions"}],"predecessor-version":[{"id":231,"href":"https:\/\/produtosvicosa.org.br\/en\/wp-json\/wp\/v2\/pages\/116\/revisions\/231"}],"wp:attachment":[{"href":"https:\/\/produtosvicosa.org.br\/en\/wp-json\/wp\/v2\/media?parent=116"}],"curies":[{"name":"wp","href":"https:\/\/api.w.org\/{rel}","templated":true}]}}