{"id":57,"date":"2019-02-04T11:36:37","date_gmt":"2019-02-04T13:36:37","guid":{"rendered":"http:\/\/localhost\/?page_id=57"},"modified":"2023-02-23T16:41:54","modified_gmt":"2023-02-23T19:41:54","slug":"unidade-escola","status":"publish","type":"page","link":"https:\/\/produtosvicosa.org.br\/en\/unidade-escola\/","title":{"rendered":"School Unit"},"content":{"rendered":"<p style=\"text-align: center;\">The Dairy School - Vi\u00e7osa Products, plays an important role in the fulfillment of UFV's academic activities, serving as a laboratory for teaching, research, extension and innovation, thus collaborating with student development and learning. The Dairy School provides opportunities for students to experience academic content in practice, thus enabling them to acquire knowledge and attitudes related to their chosen profession.<\/p>\n<p style=\"text-align: center;\">In this way, the Latic\u00ednio Escola has become a benchmark in Brazil and abroad, proving that it is possible to combine knowledge and industrial production with the correct application of resources to generate more revenue for academic benefit, as well as producing innovative technology and fostering market development.<\/p>\n<p style=\"text-align: center;\">- 1500 students served per year with practical classes, internships and the development of academic work<br \/>\n- 50 educational institutions served per year from various locations in Brazil<br \/>\n- 40 internships offered per year to students from different academic backgrounds<\/p>\n<div style=\"text-align: center;\"><\/div>","protected":false},"excerpt":{"rendered":"<p>O Latic\u00ednio Escola &#8211; Produtos Vi\u00e7osa, possui importante papel no cumprimento das atividades acad\u00eamicas da UFV, servindo como laborat\u00f3rio para o ensino, pesquisa, extens\u00e3o e inova\u00e7\u00e3o, colaborando assim, com o [&hellip;]<\/p>","protected":false},"author":1,"featured_media":0,"parent":0,"menu_order":0,"comment_status":"closed","ping_status":"closed","template":"","meta":{"footnotes":"","_links_to":"","_links_to_target":""},"class_list":["post-57","page","type-page","status-publish","hentry"],"_links":{"self":[{"href":"https:\/\/produtosvicosa.org.br\/en\/wp-json\/wp\/v2\/pages\/57","targetHints":{"allow":["GET"]}}],"collection":[{"href":"https:\/\/produtosvicosa.org.br\/en\/wp-json\/wp\/v2\/pages"}],"about":[{"href":"https:\/\/produtosvicosa.org.br\/en\/wp-json\/wp\/v2\/types\/page"}],"author":[{"embeddable":true,"href":"https:\/\/produtosvicosa.org.br\/en\/wp-json\/wp\/v2\/users\/1"}],"replies":[{"embeddable":true,"href":"https:\/\/produtosvicosa.org.br\/en\/wp-json\/wp\/v2\/comments?post=57"}],"version-history":[{"count":191,"href":"https:\/\/produtosvicosa.org.br\/en\/wp-json\/wp\/v2\/pages\/57\/revisions"}],"predecessor-version":[{"id":1488,"href":"https:\/\/produtosvicosa.org.br\/en\/wp-json\/wp\/v2\/pages\/57\/revisions\/1488"}],"wp:attachment":[{"href":"https:\/\/produtosvicosa.org.br\/en\/wp-json\/wp\/v2\/media?parent=57"}],"curies":[{"name":"wp","href":"https:\/\/api.w.org\/{rel}","templated":true}]}}